{"id":26835,"date":"2023-11-21T13:08:35","date_gmt":"2023-11-21T12:08:35","guid":{"rendered":"https:\/\/rbagchantier.fr\/lepetitplus\/?page_id=26835"},"modified":"2026-03-05T15:05:00","modified_gmt":"2026-03-05T14:05:00","slug":"ess-3","status":"publish","type":"page","link":"https:\/\/rbagchantier.fr\/lepetitplus\/ess-3\/","title":{"rendered":"ESS"},"content":{"rendered":"\t\t<div data-elementor-type=\"wp-page\" data-elementor-id=\"26835\" class=\"elementor elementor-26835\" data-elementor-post-type=\"page\">\n\t\t\t\t\t\t<section class=\"elementor-section elementor-top-section elementor-element elementor-element-271e850e elementor-section-boxed elementor-section-height-default elementor-section-height-default\" data-id=\"271e850e\" data-element_type=\"section\">\n\t\t\t\t\t\t\t<div class=\"elementor-background-overlay\"><\/div>\n\t\t\t\t\t\t\t<div class=\"elementor-container elementor-column-gap-default\">\n\t\t\t\t\t<div class=\"elementor-column elementor-col-100 elementor-top-column elementor-element elementor-element-11dd6806\" data-id=\"11dd6806\" data-element_type=\"column\">\n\t\t\t<div class=\"elementor-widget-wrap elementor-element-populated\">\n\t\t\t\t\t\t<div class=\"elementor-element elementor-element-6e3a0592 elementor-widget-divider--view-line_text elementor-widget-divider--element-align-right elementor-widget elementor-widget-divider\" data-id=\"6e3a0592\" data-element_type=\"widget\" data-widget_type=\"divider.default\">\n\t\t\t\t<div class=\"elementor-widget-container\">\n\t\t\t<style>\/*! elementor - v3.23.0 - 25-07-2024 *\/\n.elementor-widget-divider{--divider-border-style:none;--divider-border-width:1px;--divider-color:#0c0d0e;--divider-icon-size:20px;--divider-element-spacing:10px;--divider-pattern-height:24px;--divider-pattern-size:20px;--divider-pattern-url:none;--divider-pattern-repeat:repeat-x}.elementor-widget-divider .elementor-divider{display:flex}.elementor-widget-divider .elementor-divider__text{font-size:15px;line-height:1;max-width:95%}.elementor-widget-divider .elementor-divider__element{margin:0 var(--divider-element-spacing);flex-shrink:0}.elementor-widget-divider .elementor-icon{font-size:var(--divider-icon-size)}.elementor-widget-divider .elementor-divider-separator{display:flex;margin:0;direction:ltr}.elementor-widget-divider--view-line_icon .elementor-divider-separator,.elementor-widget-divider--view-line_text .elementor-divider-separator{align-items:center}.elementor-widget-divider--view-line_icon .elementor-divider-separator:after,.elementor-widget-divider--view-line_icon .elementor-divider-separator:before,.elementor-widget-divider--view-line_text .elementor-divider-separator:after,.elementor-widget-divider--view-line_text .elementor-divider-separator:before{display:block;content:\"\";border-block-end:0;flex-grow:1;border-block-start:var(--divider-border-width) var(--divider-border-style) var(--divider-color)}.elementor-widget-divider--element-align-left .elementor-divider .elementor-divider-separator>.elementor-divider__svg:first-of-type{flex-grow:0;flex-shrink:100}.elementor-widget-divider--element-align-left .elementor-divider-separator:before{content:none}.elementor-widget-divider--element-align-left .elementor-divider__element{margin-left:0}.elementor-widget-divider--element-align-right .elementor-divider .elementor-divider-separator>.elementor-divider__svg:last-of-type{flex-grow:0;flex-shrink:100}.elementor-widget-divider--element-align-right .elementor-divider-separator:after{content:none}.elementor-widget-divider--element-align-right .elementor-divider__element{margin-right:0}.elementor-widget-divider--element-align-start .elementor-divider .elementor-divider-separator>.elementor-divider__svg:first-of-type{flex-grow:0;flex-shrink:100}.elementor-widget-divider--element-align-start .elementor-divider-separator:before{content:none}.elementor-widget-divider--element-align-start .elementor-divider__element{margin-inline-start:0}.elementor-widget-divider--element-align-end .elementor-divider .elementor-divider-separator>.elementor-divider__svg:last-of-type{flex-grow:0;flex-shrink:100}.elementor-widget-divider--element-align-end .elementor-divider-separator:after{content:none}.elementor-widget-divider--element-align-end .elementor-divider__element{margin-inline-end:0}.elementor-widget-divider:not(.elementor-widget-divider--view-line_text):not(.elementor-widget-divider--view-line_icon) .elementor-divider-separator{border-block-start:var(--divider-border-width) var(--divider-border-style) var(--divider-color)}.elementor-widget-divider--separator-type-pattern{--divider-border-style:none}.elementor-widget-divider--separator-type-pattern.elementor-widget-divider--view-line .elementor-divider-separator,.elementor-widget-divider--separator-type-pattern:not(.elementor-widget-divider--view-line) .elementor-divider-separator:after,.elementor-widget-divider--separator-type-pattern:not(.elementor-widget-divider--view-line) .elementor-divider-separator:before,.elementor-widget-divider--separator-type-pattern:not([class*=elementor-widget-divider--view]) .elementor-divider-separator{width:100%;min-height:var(--divider-pattern-height);-webkit-mask-size:var(--divider-pattern-size) 100%;mask-size:var(--divider-pattern-size) 100%;-webkit-mask-repeat:var(--divider-pattern-repeat);mask-repeat:var(--divider-pattern-repeat);background-color:var(--divider-color);-webkit-mask-image:var(--divider-pattern-url);mask-image:var(--divider-pattern-url)}.elementor-widget-divider--no-spacing{--divider-pattern-size:auto}.elementor-widget-divider--bg-round{--divider-pattern-repeat:round}.rtl .elementor-widget-divider .elementor-divider__text{direction:rtl}.e-con-inner>.elementor-widget-divider,.e-con>.elementor-widget-divider{width:var(--container-widget-width,100%);--flex-grow:var(--container-widget-flex-grow)}<\/style>\t\t<div class=\"elementor-divider\">\n\t\t\t<span class=\"elementor-divider-separator\">\n\t\t\t\t\t\t<\/span>\n\t\t<\/div>\n\t\t\t\t<\/div>\n\t\t\t\t<\/div>\n\t\t\t\t<div class=\"elementor-element elementor-element-64655fab elementor-widget elementor-widget-text-editor\" data-id=\"64655fab\" data-element_type=\"widget\" data-widget_type=\"text-editor.default\">\n\t\t\t\t<div class=\"elementor-widget-container\">\n\t\t\t<style>\/*! elementor - v3.23.0 - 25-07-2024 *\/\n.elementor-widget-text-editor.elementor-drop-cap-view-stacked .elementor-drop-cap{background-color:#69727d;color:#fff}.elementor-widget-text-editor.elementor-drop-cap-view-framed .elementor-drop-cap{color:#69727d;border:3px solid;background-color:transparent}.elementor-widget-text-editor:not(.elementor-drop-cap-view-default) .elementor-drop-cap{margin-top:8px}.elementor-widget-text-editor:not(.elementor-drop-cap-view-default) .elementor-drop-cap-letter{width:1em;height:1em}.elementor-widget-text-editor .elementor-drop-cap{float:left;text-align:center;line-height:1;font-size:50px}.elementor-widget-text-editor .elementor-drop-cap-letter{display:inline-block}<\/style>\t\t\t\tD\u00e9couvrez <span style=\"color: #3FA435\"> nos enjeux ESS <\/span>\t\t\t\t\t\t<\/div>\n\t\t\t\t<\/div>\n\t\t\t\t<div class=\"elementor-element elementor-element-40a3579f elementor-widget elementor-widget-text-editor\" data-id=\"40a3579f\" data-element_type=\"widget\" data-widget_type=\"text-editor.default\">\n\t\t\t\t<div class=\"elementor-widget-container\">\n\t\t\t\t\t\t\t<p>Choisissez la solution qui vous convient et r\u00e9alisez votre devis en quelques clics\u00a0<\/p>\t\t\t\t\t\t<\/div>\n\t\t\t\t<\/div>\n\t\t\t\t\t<\/div>\n\t\t<\/div>\n\t\t\t\t\t<\/div>\n\t\t<\/section>\n\t\t\t\t<section class=\"elementor-section elementor-top-section elementor-element elementor-element-5a4bad54 elementor-section-content-middle elementor-section-boxed elementor-section-height-default elementor-section-height-default\" data-id=\"5a4bad54\" data-element_type=\"section\">\n\t\t\t\t\t\t<div class=\"elementor-container elementor-column-gap-no\">\n\t\t\t\t\t<div class=\"elementor-column elementor-col-100 elementor-top-column elementor-element elementor-element-40571dd5\" data-id=\"40571dd5\" data-element_type=\"column\">\n\t\t\t<div class=\"elementor-widget-wrap elementor-element-populated\">\n\t\t\t\t\t\t<section class=\"elementor-section elementor-inner-section elementor-element elementor-element-2c674b2f elementor-section-content-middle elementor-section-boxed elementor-section-height-default elementor-section-height-default\" data-id=\"2c674b2f\" data-element_type=\"section\">\n\t\t\t\t\t\t<div class=\"elementor-container elementor-column-gap-no\">\n\t\t\t\t\t<div class=\"elementor-column elementor-col-50 elementor-inner-column elementor-element elementor-element-659e48d4\" data-id=\"659e48d4\" data-element_type=\"column\">\n\t\t\t<div class=\"elementor-widget-wrap elementor-element-populated\">\n\t\t\t\t\t\t<div class=\"elementor-element elementor-element-49532f59 elementor-position-top elementor-widget elementor-widget-image-box\" data-id=\"49532f59\" data-element_type=\"widget\" data-widget_type=\"image-box.default\">\n\t\t\t\t<div class=\"elementor-widget-container\">\n\t\t\t<style>.elementor-widget-image-box .elementor-image-box-content{width:100%}@media (min-width:900px){.elementor-widget-image-box.elementor-position-left .elementor-image-box-wrapper,.elementor-widget-image-box.elementor-position-right .elementor-image-box-wrapper{display:flex}.elementor-widget-image-box.elementor-position-right .elementor-image-box-wrapper{text-align:end;flex-direction:row-reverse}.elementor-widget-image-box.elementor-position-left .elementor-image-box-wrapper{text-align:start;flex-direction:row}.elementor-widget-image-box.elementor-position-top .elementor-image-box-img{margin:auto}.elementor-widget-image-box.elementor-vertical-align-top .elementor-image-box-wrapper{align-items:flex-start}.elementor-widget-image-box.elementor-vertical-align-middle .elementor-image-box-wrapper{align-items:center}.elementor-widget-image-box.elementor-vertical-align-bottom .elementor-image-box-wrapper{align-items:flex-end}}@media (max-width:899px){.elementor-widget-image-box .elementor-image-box-img{margin-left:auto!important;margin-right:auto!important;margin-bottom:15px}}.elementor-widget-image-box .elementor-image-box-img{display:inline-block}.elementor-widget-image-box .elementor-image-box-title a{color:inherit}.elementor-widget-image-box .elementor-image-box-wrapper{text-align:center}.elementor-widget-image-box .elementor-image-box-description{margin:0}<\/style><div class=\"elementor-image-box-wrapper\"><figure class=\"elementor-image-box-img\"><a href=\"https:\/\/rbagchantier.fr\/lepetitplus\/contribution-agefiph-oeth\/\" tabindex=\"-1\"><img fetchpriority=\"high\" decoding=\"async\" width=\"700\" height=\"300\" src=\"https:\/\/rbagchantier.fr\/lepetitplus\/wp-content\/uploads\/sites\/13\/2024\/01\/Design-sans-titre-2024-01-25T160902.684.jpg\" class=\"attachment-1536x1536 size-1536x1536 wp-image-31333\" alt=\"\" srcset=\"https:\/\/rbagchantier.fr\/lepetitplus\/wp-content\/uploads\/sites\/13\/2024\/01\/Design-sans-titre-2024-01-25T160902.684.jpg 700w, https:\/\/rbagchantier.fr\/lepetitplus\/wp-content\/uploads\/sites\/13\/2024\/01\/Design-sans-titre-2024-01-25T160902.684-300x129.jpg 300w\" sizes=\"(max-width: 700px) 100vw, 700px\" \/><\/a><\/figure><div class=\"elementor-image-box-content\"><h3 class=\"elementor-image-box-title\"><a href=\"https:\/\/rbagchantier.fr\/lepetitplus\/contribution-agefiph-oeth\/\">Contribution AGEFIPH &amp; OETH<\/a><\/h3><p class=\"elementor-image-box-description\">Les prestations r\u00e9alis\u00e9es par LE PETIT PLUS sont d\u00e9ductibles de votre OETH<\/p><\/div><\/div>\t\t<\/div>\n\t\t\t\t<\/div>\n\t\t\t\t\t<\/div>\n\t\t<\/div>\n\t\t\t\t<div class=\"elementor-column elementor-col-50 elementor-inner-column elementor-element elementor-element-329448f6\" data-id=\"329448f6\" data-element_type=\"column\">\n\t\t\t<div class=\"elementor-widget-wrap elementor-element-populated\">\n\t\t\t\t\t\t<div class=\"elementor-element elementor-element-7931f302 elementor-position-top elementor-widget elementor-widget-image-box\" data-id=\"7931f302\" data-element_type=\"widget\" data-widget_type=\"image-box.default\">\n\t\t\t\t<div class=\"elementor-widget-container\">\n\t\t\t<div class=\"elementor-image-box-wrapper\"><figure class=\"elementor-image-box-img\"><a href=\"https:\/\/rbagchantier.fr\/lepetitplus\/les-partenaires\/\" tabindex=\"-1\"><img decoding=\"async\" width=\"700\" height=\"300\" src=\"https:\/\/rbagchantier.fr\/lepetitplus\/wp-content\/uploads\/sites\/13\/2024\/01\/Design-sans-titre-2024-01-25T161136.333.jpg\" class=\"attachment-full size-full wp-image-31334\" alt=\"\" srcset=\"https:\/\/rbagchantier.fr\/lepetitplus\/wp-content\/uploads\/sites\/13\/2024\/01\/Design-sans-titre-2024-01-25T161136.333.jpg 700w, https:\/\/rbagchantier.fr\/lepetitplus\/wp-content\/uploads\/sites\/13\/2024\/01\/Design-sans-titre-2024-01-25T161136.333-300x129.jpg 300w\" sizes=\"(max-width: 700px) 100vw, 700px\" \/><\/a><\/figure><div class=\"elementor-image-box-content\"><h3 class=\"elementor-image-box-title\"><a href=\"https:\/\/rbagchantier.fr\/lepetitplus\/les-partenaires\/\">R\u00e9seau GESAT<\/a><\/h3><p class=\"elementor-image-box-description\">LE PETIT PLUS est partenaire depuis sa cr\u00e9ation de l\u2019UNEA et du r\u00e9seau GESAT <\/p><\/div><\/div>\t\t<\/div>\n\t\t\t\t<\/div>\n\t\t\t\t\t<\/div>\n\t\t<\/div>\n\t\t\t\t\t<\/div>\n\t\t<\/section>\n\t\t\t\t\t<\/div>\n\t\t<\/div>\n\t\t\t\t\t<\/div>\n\t\t<\/section>\n\t\t\t\t<\/div>\n\t\t","protected":false},"excerpt":{"rendered":"<p>D\u00e9couvrez nos enjeux ESS Choisissez la solution qui vous convient et r\u00e9alisez votre devis en quelques clics\u00a0 Contribution AGEFIPH &amp; OETH Les prestations r\u00e9alis\u00e9es par LE PETIT PLUS sont d\u00e9ductibles de votre OETH R\u00e9seau GESAT LE PETIT PLUS est partenaire depuis sa cr\u00e9ation de l\u2019UNEA et du r\u00e9seau GESAT<\/p>\n","protected":false},"author":8,"featured_media":0,"parent":0,"menu_order":0,"comment_status":"closed","ping_status":"closed","template":"elementor_header_footer","meta":{"ocean_post_layout":"","ocean_both_sidebars_style":"","ocean_both_sidebars_content_width":0,"ocean_both_sidebars_sidebars_width":0,"ocean_sidebar":"0","ocean_second_sidebar":"0","ocean_disable_margins":"enable","ocean_add_body_class":"","ocean_shortcode_before_top_bar":"","ocean_shortcode_after_top_bar":"","ocean_shortcode_before_header":"","ocean_shortcode_after_header":"","ocean_has_shortcode":"","ocean_shortcode_after_title":"","ocean_shortcode_before_footer_widgets":"","ocean_shortcode_after_footer_widgets":"","ocean_shortcode_before_footer_bottom":"","ocean_shortcode_after_footer_bottom":"","ocean_display_top_bar":"default","ocean_display_header":"default","ocean_header_style":"","ocean_center_header_left_menu":"0","ocean_custom_header_template":"0","ocean_custom_logo":0,"ocean_custom_retina_logo":0,"ocean_custom_logo_max_width":0,"ocean_custom_logo_tablet_max_width":0,"ocean_custom_logo_mobile_max_width":0,"ocean_custom_logo_max_height":0,"ocean_custom_logo_tablet_max_height":0,"ocean_custom_logo_mobile_max_height":0,"ocean_header_custom_menu":"0","ocean_menu_typo_font_family":"0","ocean_menu_typo_font_subset":"","ocean_menu_typo_font_size":0,"ocean_menu_typo_font_size_tablet":0,"ocean_menu_typo_font_size_mobile":0,"ocean_menu_typo_font_size_unit":"px","ocean_menu_typo_font_weight":"","ocean_menu_typo_font_weight_tablet":"","ocean_menu_typo_font_weight_mobile":"","ocean_menu_typo_transform":"","ocean_menu_typo_transform_tablet":"","ocean_menu_typo_transform_mobile":"","ocean_menu_typo_line_height":0,"ocean_menu_typo_line_height_tablet":0,"ocean_menu_typo_line_height_mobile":0,"ocean_menu_typo_line_height_unit":"","ocean_menu_typo_spacing":0,"ocean_menu_typo_spacing_tablet":0,"ocean_menu_typo_spacing_mobile":0,"ocean_menu_typo_spacing_unit":"","ocean_menu_link_color":"","ocean_menu_link_color_hover":"","ocean_menu_link_color_active":"","ocean_menu_link_background":"","ocean_menu_link_hover_background":"","ocean_menu_link_active_background":"","ocean_menu_social_links_bg":"","ocean_menu_social_hover_links_bg":"","ocean_menu_social_links_color":"","ocean_menu_social_hover_links_color":"","ocean_disable_title":"default","ocean_disable_heading":"default","ocean_post_title":"","ocean_post_subheading":"","ocean_post_title_style":"","ocean_post_title_background_color":"","ocean_post_title_background":0,"ocean_post_title_bg_image_position":"","ocean_post_title_bg_image_attachment":"","ocean_post_title_bg_image_repeat":"","ocean_post_title_bg_image_size":"","ocean_post_title_height":0,"ocean_post_title_bg_overlay":0.5,"ocean_post_title_bg_overlay_color":"","ocean_disable_breadcrumbs":"default","ocean_breadcrumbs_color":"","ocean_breadcrumbs_separator_color":"","ocean_breadcrumbs_links_color":"","ocean_breadcrumbs_links_hover_color":"","ocean_display_footer_widgets":"default","ocean_display_footer_bottom":"default","ocean_custom_footer_template":"0","footnotes":""},"class_list":["post-26835","page","type-page","status-publish","hentry","entry"],"yoast_head":"<!-- This site is optimized with the Yoast SEO plugin v23.1 - https:\/\/yoast.com\/wordpress\/plugins\/seo\/ -->\n<title>ESS - Le Petit Plus<\/title>\n<meta name=\"robots\" content=\"noindex, follow, max-snippet:-1, max-image-preview:large, max-video-preview:-1\" \/>\n<meta property=\"og:locale\" content=\"fr_FR\" \/>\n<meta property=\"og:type\" content=\"article\" \/>\n<meta property=\"og:title\" content=\"ESS - Le Petit Plus\" \/>\n<meta property=\"og:description\" content=\"D\u00e9couvrez nos enjeux ESS Choisissez la solution qui vous convient et r\u00e9alisez votre devis en quelques clics\u00a0 Contribution AGEFIPH &amp; OETH Les prestations r\u00e9alis\u00e9es par LE PETIT PLUS sont d\u00e9ductibles de votre OETH R\u00e9seau GESAT LE PETIT PLUS est partenaire depuis sa cr\u00e9ation de l\u2019UNEA et du r\u00e9seau GESAT\" \/>\n<meta property=\"og:url\" content=\"https:\/\/rbagchantier.fr\/lepetitplus\/ess-3\/\" \/>\n<meta property=\"og:site_name\" content=\"Le Petit Plus\" \/>\n<meta property=\"article:modified_time\" content=\"2026-03-05T14:05:00+00:00\" \/>\n<meta property=\"og:image\" content=\"https:\/\/rbagchantier.fr\/lepetitplus\/wp-content\/uploads\/sites\/13\/2024\/01\/Design-sans-titre-2024-01-25T160902.684.jpg\" \/>\n<meta name=\"twitter:card\" content=\"summary_large_image\" \/>\n<meta name=\"twitter:label1\" content=\"Dur\u00e9e de lecture estim\u00e9e\" \/>\n\t<meta name=\"twitter:data1\" content=\"1 minute\" \/>\n<script type=\"application\/ld+json\" class=\"yoast-schema-graph\">{\"@context\":\"https:\/\/schema.org\",\"@graph\":[{\"@type\":\"WebPage\",\"@id\":\"https:\/\/rbagchantier.fr\/lepetitplus\/ess-3\/\",\"url\":\"https:\/\/rbagchantier.fr\/lepetitplus\/ess-3\/\",\"name\":\"ESS - Le Petit Plus\",\"isPartOf\":{\"@id\":\"https:\/\/rbagchantier.fr\/lepetitplus\/#website\"},\"primaryImageOfPage\":{\"@id\":\"https:\/\/rbagchantier.fr\/lepetitplus\/ess-3\/#primaryimage\"},\"image\":{\"@id\":\"https:\/\/rbagchantier.fr\/lepetitplus\/ess-3\/#primaryimage\"},\"thumbnailUrl\":\"https:\/\/rbagchantier.fr\/lepetitplus\/wp-content\/uploads\/sites\/13\/2024\/01\/Design-sans-titre-2024-01-25T160902.684.jpg\",\"datePublished\":\"2023-11-21T12:08:35+00:00\",\"dateModified\":\"2026-03-05T14:05:00+00:00\",\"breadcrumb\":{\"@id\":\"https:\/\/rbagchantier.fr\/lepetitplus\/ess-3\/#breadcrumb\"},\"inLanguage\":\"fr-FR\",\"potentialAction\":[{\"@type\":\"ReadAction\",\"target\":[\"https:\/\/rbagchantier.fr\/lepetitplus\/ess-3\/\"]}]},{\"@type\":\"ImageObject\",\"inLanguage\":\"fr-FR\",\"@id\":\"https:\/\/rbagchantier.fr\/lepetitplus\/ess-3\/#primaryimage\",\"url\":\"https:\/\/rbagchantier.fr\/lepetitplus\/wp-content\/uploads\/sites\/13\/2024\/01\/Design-sans-titre-2024-01-25T160902.684.jpg\",\"contentUrl\":\"https:\/\/rbagchantier.fr\/lepetitplus\/wp-content\/uploads\/sites\/13\/2024\/01\/Design-sans-titre-2024-01-25T160902.684.jpg\",\"width\":700,\"height\":300},{\"@type\":\"BreadcrumbList\",\"@id\":\"https:\/\/rbagchantier.fr\/lepetitplus\/ess-3\/#breadcrumb\",\"itemListElement\":[{\"@type\":\"ListItem\",\"position\":1,\"name\":\"Home\",\"item\":\"https:\/\/rbagchantier.fr\/lepetitplus\/\"},{\"@type\":\"ListItem\",\"position\":2,\"name\":\"ESS\"}]},{\"@type\":\"WebSite\",\"@id\":\"https:\/\/rbagchantier.fr\/lepetitplus\/#website\",\"url\":\"https:\/\/rbagchantier.fr\/lepetitplus\/\",\"name\":\"Le Petit Plus\",\"description\":\"La solution de recyclage pour vos d\u00e9chets de bureau\",\"publisher\":{\"@id\":\"https:\/\/rbagchantier.fr\/lepetitplus\/#organization\"},\"potentialAction\":[{\"@type\":\"SearchAction\",\"target\":{\"@type\":\"EntryPoint\",\"urlTemplate\":\"https:\/\/rbagchantier.fr\/lepetitplus\/?s={search_term_string}\"},\"query-input\":\"required name=search_term_string\"}],\"inLanguage\":\"fr-FR\"},{\"@type\":\"Organization\",\"@id\":\"https:\/\/rbagchantier.fr\/lepetitplus\/#organization\",\"name\":\"Le Petit Plus\",\"url\":\"https:\/\/rbagchantier.fr\/lepetitplus\/\",\"logo\":{\"@type\":\"ImageObject\",\"inLanguage\":\"fr-FR\",\"@id\":\"https:\/\/rbagchantier.fr\/lepetitplus\/#\/schema\/logo\/image\/\",\"url\":\"https:\/\/rbagchantier.fr\/lepetitplus\/wp-content\/uploads\/sites\/13\/2022\/09\/easyrecyclage.png\",\"contentUrl\":\"https:\/\/rbagchantier.fr\/lepetitplus\/wp-content\/uploads\/sites\/13\/2022\/09\/easyrecyclage.png\",\"width\":251,\"height\":95,\"caption\":\"Le Petit Plus\"},\"image\":{\"@id\":\"https:\/\/rbagchantier.fr\/lepetitplus\/#\/schema\/logo\/image\/\"}}]}<\/script>\n<!-- \/ Yoast SEO plugin. -->","yoast_head_json":{"title":"ESS - Le Petit Plus","robots":{"index":"noindex","follow":"follow","max-snippet":"max-snippet:-1","max-image-preview":"max-image-preview:large","max-video-preview":"max-video-preview:-1"},"og_locale":"fr_FR","og_type":"article","og_title":"ESS - Le Petit Plus","og_description":"D\u00e9couvrez nos enjeux ESS Choisissez la solution qui vous convient et r\u00e9alisez votre devis en quelques clics\u00a0 Contribution AGEFIPH &amp; OETH Les prestations r\u00e9alis\u00e9es par LE PETIT PLUS sont d\u00e9ductibles de votre OETH R\u00e9seau GESAT LE PETIT PLUS est partenaire depuis sa cr\u00e9ation de l\u2019UNEA et du r\u00e9seau GESAT","og_url":"https:\/\/rbagchantier.fr\/lepetitplus\/ess-3\/","og_site_name":"Le Petit Plus","article_modified_time":"2026-03-05T14:05:00+00:00","og_image":[{"url":"https:\/\/rbagchantier.fr\/lepetitplus\/wp-content\/uploads\/sites\/13\/2024\/01\/Design-sans-titre-2024-01-25T160902.684.jpg"}],"twitter_card":"summary_large_image","twitter_misc":{"Dur\u00e9e de lecture estim\u00e9e":"1 minute"},"schema":{"@context":"https:\/\/schema.org","@graph":[{"@type":"WebPage","@id":"https:\/\/rbagchantier.fr\/lepetitplus\/ess-3\/","url":"https:\/\/rbagchantier.fr\/lepetitplus\/ess-3\/","name":"ESS - Le Petit Plus","isPartOf":{"@id":"https:\/\/rbagchantier.fr\/lepetitplus\/#website"},"primaryImageOfPage":{"@id":"https:\/\/rbagchantier.fr\/lepetitplus\/ess-3\/#primaryimage"},"image":{"@id":"https:\/\/rbagchantier.fr\/lepetitplus\/ess-3\/#primaryimage"},"thumbnailUrl":"https:\/\/rbagchantier.fr\/lepetitplus\/wp-content\/uploads\/sites\/13\/2024\/01\/Design-sans-titre-2024-01-25T160902.684.jpg","datePublished":"2023-11-21T12:08:35+00:00","dateModified":"2026-03-05T14:05:00+00:00","breadcrumb":{"@id":"https:\/\/rbagchantier.fr\/lepetitplus\/ess-3\/#breadcrumb"},"inLanguage":"fr-FR","potentialAction":[{"@type":"ReadAction","target":["https:\/\/rbagchantier.fr\/lepetitplus\/ess-3\/"]}]},{"@type":"ImageObject","inLanguage":"fr-FR","@id":"https:\/\/rbagchantier.fr\/lepetitplus\/ess-3\/#primaryimage","url":"https:\/\/rbagchantier.fr\/lepetitplus\/wp-content\/uploads\/sites\/13\/2024\/01\/Design-sans-titre-2024-01-25T160902.684.jpg","contentUrl":"https:\/\/rbagchantier.fr\/lepetitplus\/wp-content\/uploads\/sites\/13\/2024\/01\/Design-sans-titre-2024-01-25T160902.684.jpg","width":700,"height":300},{"@type":"BreadcrumbList","@id":"https:\/\/rbagchantier.fr\/lepetitplus\/ess-3\/#breadcrumb","itemListElement":[{"@type":"ListItem","position":1,"name":"Home","item":"https:\/\/rbagchantier.fr\/lepetitplus\/"},{"@type":"ListItem","position":2,"name":"ESS"}]},{"@type":"WebSite","@id":"https:\/\/rbagchantier.fr\/lepetitplus\/#website","url":"https:\/\/rbagchantier.fr\/lepetitplus\/","name":"Le Petit Plus","description":"La solution de recyclage pour vos d\u00e9chets de bureau","publisher":{"@id":"https:\/\/rbagchantier.fr\/lepetitplus\/#organization"},"potentialAction":[{"@type":"SearchAction","target":{"@type":"EntryPoint","urlTemplate":"https:\/\/rbagchantier.fr\/lepetitplus\/?s={search_term_string}"},"query-input":"required name=search_term_string"}],"inLanguage":"fr-FR"},{"@type":"Organization","@id":"https:\/\/rbagchantier.fr\/lepetitplus\/#organization","name":"Le Petit Plus","url":"https:\/\/rbagchantier.fr\/lepetitplus\/","logo":{"@type":"ImageObject","inLanguage":"fr-FR","@id":"https:\/\/rbagchantier.fr\/lepetitplus\/#\/schema\/logo\/image\/","url":"https:\/\/rbagchantier.fr\/lepetitplus\/wp-content\/uploads\/sites\/13\/2022\/09\/easyrecyclage.png","contentUrl":"https:\/\/rbagchantier.fr\/lepetitplus\/wp-content\/uploads\/sites\/13\/2022\/09\/easyrecyclage.png","width":251,"height":95,"caption":"Le Petit Plus"},"image":{"@id":"https:\/\/rbagchantier.fr\/lepetitplus\/#\/schema\/logo\/image\/"}}]}},"jetpack_sharing_enabled":true,"_links":{"self":[{"href":"https:\/\/rbagchantier.fr\/lepetitplus\/wp-json\/wp\/v2\/pages\/26835"}],"collection":[{"href":"https:\/\/rbagchantier.fr\/lepetitplus\/wp-json\/wp\/v2\/pages"}],"about":[{"href":"https:\/\/rbagchantier.fr\/lepetitplus\/wp-json\/wp\/v2\/types\/page"}],"author":[{"embeddable":true,"href":"https:\/\/rbagchantier.fr\/lepetitplus\/wp-json\/wp\/v2\/users\/8"}],"replies":[{"embeddable":true,"href":"https:\/\/rbagchantier.fr\/lepetitplus\/wp-json\/wp\/v2\/comments?post=26835"}],"version-history":[{"count":89,"href":"https:\/\/rbagchantier.fr\/lepetitplus\/wp-json\/wp\/v2\/pages\/26835\/revisions"}],"predecessor-version":[{"id":39023,"href":"https:\/\/rbagchantier.fr\/lepetitplus\/wp-json\/wp\/v2\/pages\/26835\/revisions\/39023"}],"wp:attachment":[{"href":"https:\/\/rbagchantier.fr\/lepetitplus\/wp-json\/wp\/v2\/media?parent=26835"}],"curies":[{"name":"wp","href":"https:\/\/api.w.org\/{rel}","templated":true}]}}